{"id":13947,"date":"2024-05-27T13:12:10","date_gmt":"2024-05-27T11:12:10","guid":{"rendered":"https:\/\/arpluswear.com\/?post_type=product&#038;p=13947"},"modified":"2024-05-27T15:05:28","modified_gmt":"2024-05-27T13:05:28","slug":"osso-kopia-kopia-kopia-kopia","status":"publish","type":"product","link":"https:\/\/arpluswear.com\/en\/product\/osso-kopia-kopia-kopia-kopia\/","title":{"rendered":"HIKKO black"},"content":{"rendered":"<p>Ten wyj\u0105tkowy naszyjnik jest wykonany z&nbsp;wysokiej jako\u015bci dzianiny bawe\u0142nianej, co zapewnia mu wyj\u0105tkow\u0105 mi\u0119kko\u015b\u0107 i&nbsp;komfort noszenia. Ka\u017cdy egzemplarz jest starannie tworzony r\u0119cznie przez naszego g\u0142\u00f3wnego projektanta Artura B\u0105k, co sprawia, \u017ce ka\u017cdy naszyjnik jest niepowtarzalny i&nbsp;posiada unikalny charakter.<\/p>\n<p>Naszyjnik wyr\u00f3\u017cnia si\u0119 militarnym charakterem, kt\u00f3ry nadaje mu surowy, a&nbsp;zarazem stylowy wygl\u0105d. Dzi\u0119ki swojej wszechstronno\u015bci mo\u017ce by\u0107 u\u017cywany na r\u00f3\u017cne sposoby \u2013 jako elegancka chusta na szyj\u0119, kt\u00f3ra dodaje charakteru ka\u017cdej stylizacji, lub jako praktyczna os\u0142ona przed wiatrem, idealna na ch\u0142odniejsze dni.<\/p>\n<p>To doskona\u0142y wyb\u00f3r dla os\u00f3b ceni\u0105cych sobie niepowtarzalno\u015b\u0107, wysok\u0105 jako\u015b\u0107 i&nbsp;styl.<\/p>\n","protected":false},"excerpt":{"rendered":"<p>Ten wyj\u0105tkowy naszyjnik jest wykonany z&nbsp;wysokiej jako\u015bci dzianiny bawe\u0142nianej, co zapewnia mu wyj\u0105tkow\u0105 mi\u0119kko\u015b\u0107 i&nbsp;komfort noszenia. Ka\u017cdy egzemplarz jest starannie tworzony r\u0119cznie przez naszego g\u0142\u00f3wnego projektanta Artura B\u0105k, co sprawia, \u017ce ka\u017cdy naszyjnik jest niepowtarzalny i&nbsp;posiada unikalny charakter. Naszyjnik wyr\u00f3\u017cnia si\u0119 militarnym charakterem, kt\u00f3ry nadaje mu surowy, a&nbsp;zarazem stylowy wygl\u0105d. Dzi\u0119ki swojej wszechstronno\u015bci mo\u017ce by\u0107 [&hellip;]<\/p>\n","protected":false},"featured_media":13933,"comment_status":"open","ping_status":"closed","template":"","meta":[],"product_brand":[],"product_cat":[243,151,252],"product_tag":[],"class_list":{"0":"post-13947","1":"product","2":"type-product","3":"status-publish","4":"has-post-thumbnail","6":"product_cat-accessories-en","7":"product_cat-jewelry","8":"product_cat-necklace","10":"first","11":"onbackorder","12":"shipping-taxable","13":"purchasable","14":"product-type-simple"},"_links":{"self":[{"href":"https:\/\/arpluswear.com\/en\/wp-json\/wp\/v2\/product\/13947","targetHints":{"allow":["GET"]}}],"collection":[{"href":"https:\/\/arpluswear.com\/en\/wp-json\/wp\/v2\/product"}],"about":[{"href":"https:\/\/arpluswear.com\/en\/wp-json\/wp\/v2\/types\/product"}],"replies":[{"embeddable":true,"href":"https:\/\/arpluswear.com\/en\/wp-json\/wp\/v2\/comments?post=13947"}],"wp:featuredmedia":[{"embeddable":true,"href":"https:\/\/arpluswear.com\/en\/wp-json\/wp\/v2\/media\/13933"}],"wp:attachment":[{"href":"https:\/\/arpluswear.com\/en\/wp-json\/wp\/v2\/media?parent=13947"}],"wp:term":[{"taxonomy":"product_brand","embeddable":true,"href":"https:\/\/arpluswear.com\/en\/wp-json\/wp\/v2\/product_brand?post=13947"},{"taxonomy":"product_cat","embeddable":true,"href":"https:\/\/arpluswear.com\/en\/wp-json\/wp\/v2\/product_cat?post=13947"},{"taxonomy":"product_tag","embeddable":true,"href":"https:\/\/arpluswear.com\/en\/wp-json\/wp\/v2\/product_tag?post=13947"}],"curies":[{"name":"wp","href":"https:\/\/api.w.org\/{rel}","templated":true}]}}